{"id":177,"date":"2020-11-12T16:30:02","date_gmt":"2020-11-12T16:30:02","guid":{"rendered":"http:\/\/www.cocuksehri.net\/?page_id=177"},"modified":"2021-10-05T12:35:01","modified_gmt":"2021-10-05T12:35:01","slug":"cocuk-edebiyati-haritasi","status":"publish","type":"page","link":"http:\/\/www.cocuksehri.net\/index.php\/cocuk-edebiyati-haritasi\/","title":{"rendered":"\u00c7OCUK EDEB\u0130YATI HAR\u0130TASI"},"content":{"rendered":"\n<p>Ele\u015ftirel \u00e7ocukluk sosyolojisi bug\u00fcn d\u00fcnyada tek tip bir \u00e7ocukluk ya\u015fanmad\u0131\u011f\u0131n\u0131 dolay\u0131s\u0131yla ara\u015ft\u0131rmalar\u0131n ve tart\u0131\u015fmalar\u0131n t\u00fcm \u00e7ocukluk g\u00f6r\u00fcn\u00fcmlerini kapsamas\u0131 gerekti\u011fini s\u00f6yler. \u00c7ocukluk belli bir s\u0131n\u0131f\u0131n, belli bir metropol ya\u015fant\u0131s\u0131n\u0131n ve belli bir co\u011frafyan\u0131n tan\u0131mlar\u0131nda s\u0131k\u0131\u015fm\u0131\u015f g\u00f6r\u00fcn\u00fcyor. Art\u0131k \u00e7ok farkl\u0131 k\u00fclt\u00fcrden ve ya\u015fay\u0131\u015ftan \u00e7ocuklar\u0131n varl\u0131\u011f\u0131n\u0131 \u0131skalaman\u0131n \u00f6n\u00fcne ge\u00e7mek zorunday\u0131z. K\u00fcresel edebiyat\u0131n tekelle\u015fmeye do\u011fru gitti\u011fi g\u00fcn\u00fcm\u00fcz edebiyat d\u00fcnyas\u0131nda bu hegemonyay\u0131 k\u0131rman\u0131n yolu yerel edebiyat\u0131 desteklemekten ge\u00e7iyor. Bu destek ku\u015fkusuz kompleks bir tutumla veya duygusal bir refleksle de\u011fil; yerel \u00e7ocuk edebiyat\u0131n\u0131n o \u00e7ok g\u00fczel \u00f6rneklerinin hakk\u0131n\u0131n yenmemesi ad\u0131na bir adalet gere\u011fi olarak ger\u00e7ekle\u015fmelidir.<\/p>\n\n\n\n<p>Bu ba\u011flamda \u00c7ocuk \u015eehri olarak bir <a href=\"http:\/\/www.cocuksehri.net\/index.php\/cocuk-edebiyati-haritasi\/\"><strong>\u00c7ocuk Edebiyat\u0131 Haritas\u0131<\/strong> <\/a>olu\u015fturma hedefimizi duyurmak isteriz. Bu \u00e7al\u0131\u015fma \u015fehirlere g\u00f6re kitaplar\u0131n tasnifini yapmak \u015feklinde \u00f6zetlenebilir. Tasnife giren kitaplarda aranan \u00f6zellik &#8220;bahsedilen \u015fehrin ya\u015fam\u0131yla&#8221; ilgili \u00e7ocuklara az ya da \u00e7ok bilgi sunmas\u0131, de\u011fer katmas\u0131 ve yerel k\u00fclt\u00fcr\u00fc tan\u0131tmas\u0131d\u0131r. Hat\u0131ra, roman, \u00f6yk\u00fc, \u015fiir, deneme vs gibi t\u00fcrlerde yaz\u0131lan \u00e7ocuk kitaplar\u0131n\u0131 \u015fehir \u015fehir d\u00fczenleyerek bir liste olu\u015fturma niyetindeyiz. Bu listeyi 2021 y\u0131l\u0131 boyunca takip edece\u011fiz. Ama\u00e7 turistik bilgilendirme olmad\u0131\u011f\u0131ndan &#8220;gezi&#8221; t\u00fcr\u00fcndeki eserleri bu listenin d\u0131\u015f\u0131nda tutuyoruz. \u015eehrin ad\u0131 kitapta ge\u00e7mese bile \u015fehre ait bir ya\u015fam anlatt\u0131\u011f\u0131 biliniyorsa da o eser listeye dahildir. \u00c7al\u0131\u015fmam\u0131z\u0131 bir halkbilim \u00e7al\u0131\u015fmas\u0131 da olmad\u0131\u011f\u0131ndan masal derlemeleri da bu kapsama dahil de\u011fildir.<\/p>\n\n\n\n<p>Gelin hep birlikte <a href=\"http:\/\/www.cocuksehri.net\/index.php\/cocuk-edebiyati-haritasi\/\"><strong>\u00c7ocuk Edebiyat\u0131 Haritas\u0131<\/strong> <\/a>olu\u015ftural\u0131m. \u00c7ocuk ve ilk gen\u00e7lik \u00e7a\u011f\u0131na uygun eserleri yorum k\u0131sm\u0131na yaz\u0131n, listemiz \u00e7o\u011fals\u0131n. <\/p>\n\n\n\n<p><\/p>\n\n\n\n<p>&#8212;&#8212;&#8212;&#8212;&#8212;&#8212;&#8212;&#8212;&#8212;&#8212;&#8212;&#8212;&#8212;&#8212;&#8212;&#8212;&#8212;&#8212;&#8212;&#8212;&#8212;&#8212;&#8212;&#8212;&#8212;&#8212;&#8212;&#8212;&#8212;&#8212;&#8212;&#8212;&#8212;&#8212;&#8212;&#8212;&#8212;&#8212;&#8212;&#8212;&#8212;&#8212;&#8212;&#8212;&#8212;&#8212;&#8212;&#8212;&#8212;&#8212;&#8212;&#8212;&#8212;&#8212;&#8212;&#8212;&#8212;&#8212;&#8212;&#8212;&#8212;&#8212;&#8212;&#8212;&#8212;&#8212;&#8212;&#8212;&#8212;&#8212;&#8212;&#8212;&#8212;&#8211;<\/p>\n\n\n\n<p><strong>Adana<\/strong><\/p>\n\n\n\n<p><a href=\"https:\/\/www.iskultur.com.tr\/bizim-sokagin-hikayesi.aspx\">Bizim Soka\u011f\u0131n Hik\u00e2yesi<\/a><\/p>\n\n\n\n<p><strong>Antalya<\/strong><\/p>\n\n\n\n<p><a href=\"https:\/\/www.yapikrediyayinlari.com.tr\/kaledibi-sokagi.aspx\">Kaledibi Soka\u011f\u0131<\/a><\/p>\n\n\n\n<p><strong>Ardahan<\/strong><\/p>\n\n\n\n<p><a href=\"https:\/\/www.kirmizikedi.com\/arama?q=Ardahan%27dan+Gelen+Mektup\">Ardahan&#8217;dan Gelen Mektup<\/a><\/p>\n\n\n\n<p><strong>Bal\u0131kesir<\/strong><\/p>\n\n\n\n<p><a href=\"https:\/\/www.kirmizikedi.com\/kitap\/urun\/4b0225a6a153468e9d46d98915c0c58d\">Ayval\u0131k&#8217;tan Gelen Mektup<\/a><\/p>\n\n\n\n<p><strong>Batman<\/strong><\/p>\n\n\n\n<p><a href=\"https:\/\/redhouse.com.tr\/Yildiz-Tamircisi-Lorin_790\">Y\u0131ld\u0131z Tamircisi<\/a><\/p>\n\n\n\n<p><strong>Bitlis<\/strong><\/p>\n\n\n\n<p><a href=\"https:\/\/gunisigikitapligi.com\/kitaplar\/cok-uzak-bir-deniz\/\">\u00c7ok Uzak Bir Deniz<\/a><br><a href=\"https:\/\/www.yakinkitabevi.com.tr\/cocuk\/yeralti-canavari\">Yeralt\u0131 Canavar\u0131<\/a><\/p>\n\n\n\n<p><strong>\u00c7anakkale<\/strong><\/p>\n\n\n\n<p><a href=\"https:\/\/gunisigikitapligi.com\/kitaplar\/fenerden-tasinan-isik\/\">Fenerden Ta\u015f\u0131nan I\u015f\u0131k<\/a><\/p>\n\n\n\n<p><strong>Edirne<\/strong><\/p>\n\n\n\n<p><a href=\"https:\/\/www.kirmizikedi.com\/kitap\/urun\/daf251a3ed094c4a84c71b9a5c1f88b2\">Edirne&#8217;den Gelen Mektup<\/a><\/p>\n\n\n\n<p><strong>Elaz\u0131\u011f<\/strong><\/p>\n\n\n\n<p><a href=\"https:\/\/www.turkedebiyati.com.tr\/tedev-cocuk\">Ahmet Kabakl\u0131 \u00c7ocuk Hikayeleri<\/a><\/p>\n\n\n\n<p><strong>Erzincan<\/strong><\/p>\n\n\n\n<p><a href=\"http:\/\/www.ekinyayinlari.com\/kitap\/pepuk-kusu-hikayesi-ferhat-ciftci\/\">Pepuk Ku\u015fu Hikayesi<\/a><\/p>\n\n\n\n<p><strong>Gaziantep<\/strong><\/p>\n\n\n\n<p><a href=\"http:\/\/marticocuk.com\/?s=%C5%9Feker+nine\">\u015eeker Nine<\/a><br><a href=\"https:\/\/hayykitap.com\/kitap\/zeugmanin-kayip-gozbebegi\/\">Zeugma&#8217;n\u0131n Kay\u0131p G\u00f6zbebe\u011fi<\/a><\/p>\n\n\n\n<p><strong>Giresun<\/strong><\/p>\n\n\n\n<p><a href=\"https:\/\/kitap.ykykultur.com.tr\/kitaplar\/kucuk-yasarin-oykusu-alucura-cayevi\">K\u00fc\u00e7\u00fck Ya\u015far&#8217;\u0131n \u00d6yk\u00fcs\u00fc- Alucra \u00c7ayevi<\/a><\/p>\n\n\n\n<p><strong>Hakkari<\/strong><\/p>\n\n\n\n<p><a href=\"https:\/\/hayykitap.com\/kitap\/zap-suyu-dusleri\/\">Zap Suyu D\u00fc\u015fleri<\/a><\/p>\n\n\n\n<p><strong>\u0130zmir<\/strong><\/p>\n\n\n\n<p><a href=\"https:\/\/gunisigikitapligi.com\/kitaplar\/gevrekciii\/\">Gevrek\u00e7iii<\/a><br><a href=\"https:\/\/gunisigikitapligi.com\/kitaplar\/izmirde-uc-cocuktuk\/\">\u0130zmir&#8217;de \u00dc\u00e7 \u00c7ocuktuk<\/a><br><a href=\"https:\/\/www.tudem.com\/images\/kitaprehberi\/90863oykulerin_izinde_smyrnadan_izmirepdf.pdf\">\u00d6yk\u00fclerin \u0130zinde Smyrna&#8217;dan \u0130zmir&#8217;e<\/a><\/p>\n\n\n\n<p><strong>Kahramanmara\u015f<\/strong><\/p>\n\n\n\n<p><a href=\"http:\/\/www.timascocuk.com\/kitap\/akbaba-dobrillanin-inanilmaz-yolculugu\/\">Akbaba Dobrilla&#8217;n\u0131n \u0130nan\u0131lmaz Yolculu\u011fu<\/a><\/p>\n\n\n\n<p><strong>Kars<\/strong><\/p>\n\n\n\n<p><a href=\"http:\/\/www.cancocuk.com\/kitap-detay\/344\">Tipi<\/a><\/p>\n\n\n\n<p><strong>Kastamonu<\/strong><\/p>\n\n\n\n<p><a href=\"https:\/\/www.cinaryayinlari.com\/cankurtaran-yilmaz-kitabi-rifat-ilgaz-cinar-yayinlari\">Cankurtaran Y\u0131lmaz<\/a><br><a href=\"https:\/\/www.cinaryayinlari.com\/halime-kaptan-kitabi-rifat-ilgaz-cinar-yayinlari\">Halime Kaptan<\/a><br><a href=\"https:\/\/www.suleyayinlari.com\/kitap\/yilanli-hamam-sukran-binark-9786052021811\">Y\u0131lanl\u0131 Hamam<\/a><\/p>\n\n\n\n<p><strong>Konya-Karaman<\/strong><\/p>\n\n\n\n<p><a href=\"https:\/\/www.kitaparasi.com\/index.php?route=product\/search&amp;search=hayal%20ge%C3%A7idi&amp;description=true\">Hayal Ge\u00e7idi<\/a><\/p>\n\n\n\n<p><strong>Mardin<\/strong><\/p>\n\n\n\n<p><a href=\"https:\/\/www.kitapambari.com\/ucan-at-yayinlari-ozgur-ozgulgun-tasin-kenti-mardin\">Ta\u015f\u0131n Kenti Mardin<\/a><\/p>\n\n\n\n<p><strong>Mu\u011fla<\/strong><\/p>\n\n\n\n<p><a href=\"https:\/\/www.kirmizikedi.com\/kitap\/urun\/1fb10c704be744e6951895ec5ceb1bf5\">Mektup Kay\u0131\u011f\u0131n\u0131n Beklenmedik Yolculu\u011fu<\/a><br><a href=\"https:\/\/www.bilgiyayinevi.com.tr\/aganta-burina-burinata\">Aganta Burina Burinata<\/a><br><a href=\"https:\/\/www.cinaryayinlari.com\/bodrum-daki-acayip-gunlerim-kitabi-nevra-nergiz\">Bodrum&#8217;daki Acayip G\u00fcnlerim<\/a><br><\/p>\n\n\n\n<p><strong>Sakarya<\/strong><\/p>\n\n\n\n<p><a href=\"https:\/\/www.sakarya.bel.tr\/tr\/Yayin\/sait-faik-adapazari-hikayeleri\/22\">Sait Faik Hikayeleri<\/a><\/p>\n\n\n\n<p><strong>\u015eanl\u0131urfa<\/strong><\/p>\n\n\n\n<p><a href=\"https:\/\/www.mevsimlerkitap.com.tr\/Deniz-Gormemis-Cocuklar\">Deniz G\u00f6rmemi\u015f \u00c7ocuklar<\/a><\/p>\n\n\n\n<p><strong>Tokat<\/strong><\/p>\n\n\n\n<p><a href=\"https:\/\/www.kitaparasi.com\/irmaklarla-buyuyen-cocuk?search=%C4%B1rmaklarla%20b%C3%BCy%C3%BCyen%20%C3%A7ocuk&amp;description=true\">Irmaklarla B\u00fcy\u00fcyen \u00c7ocuk<\/a><\/p>\n\n\n\n<p><strong>Tunceli<\/strong><\/p>\n\n\n\n<p><a href=\"http:\/\/www.ekinyayinlari.com\/kitap\/pepuk-kusu-hikayesi-ferhat-ciftci\/\">Pepuk Ku\u015fu Hikayesi<\/a><\/p>\n\n\n\n<p><strong>Van<\/strong><\/p>\n\n\n\n<p><a href=\"https:\/\/www.altinkitaplar.com.tr\/seda-ogretir\/kefi-tarihin-pesinde\/\">Kefi&#8217;nin Maceralar\u0131<\/a><br><a href=\"https:\/\/gunisigikitapligi.com\/kitaplar\/cok-uzak-bir-deniz\/\">\u00c7ok Uzak Bir Deniz<\/a><br><a href=\"https:\/\/www.yakinkitabevi.com.tr\/cocuk\/yeralti-canavari\">Yeralt\u0131 Canavar\u0131<\/a><\/p>\n\n\n\n<p><strong>Zonguldak<\/strong><\/p>\n\n\n\n<p><a href=\"https:\/\/www.cinaryayinlari.com\/kumdan-betona-kitabi-rifat-ilgaz-cinar-yayinlari\">Kumdan Betona<\/a><br><a href=\"https:\/\/www.cinaryayinlari.com\/cocukluk-limanima-siginan-foklar-kitabi-nilgun-ilgaz\">\u00c7ocukluk Liman\u0131na S\u0131\u011f\u0131nan Foklar<\/a><\/p>\n\n\n\n<p><\/p>\n","protected":false},"excerpt":{"rendered":"<p>Ele\u015ftirel \u00e7ocukluk sosyolojisi bug\u00fcn d\u00fcnyada tek tip bir \u00e7ocukluk ya\u015fanmad\u0131\u011f\u0131n\u0131 dolay\u0131s\u0131yla ara\u015ft\u0131rmalar\u0131n ve tart\u0131\u015fmalar\u0131n t\u00fcm \u00e7ocukluk g\u00f6r\u00fcn\u00fcmlerini kapsamas\u0131 gerekti\u011fini s\u00f6yler.<\/p>\n","protected":false},"author":1,"featured_media":0,"parent":0,"menu_order":0,"comment_status":"open","ping_status":"closed","template":"","meta":[],"_links":{"self":[{"href":"http:\/\/www.cocuksehri.net\/index.php\/wp-json\/wp\/v2\/pages\/177"}],"collection":[{"href":"http:\/\/www.cocuksehri.net\/index.php\/wp-json\/wp\/v2\/pages"}],"about":[{"href":"http:\/\/www.cocuksehri.net\/index.php\/wp-json\/wp\/v2\/types\/page"}],"author":[{"embeddable":true,"href":"http:\/\/www.cocuksehri.net\/index.php\/wp-json\/wp\/v2\/users\/1"}],"replies":[{"embeddable":true,"href":"http:\/\/www.cocuksehri.net\/index.php\/wp-json\/wp\/v2\/comments?post=177"}],"version-history":[{"count":15,"href":"http:\/\/www.cocuksehri.net\/index.php\/wp-json\/wp\/v2\/pages\/177\/revisions"}],"predecessor-version":[{"id":1115,"href":"http:\/\/www.cocuksehri.net\/index.php\/wp-json\/wp\/v2\/pages\/177\/revisions\/1115"}],"wp:attachment":[{"href":"http:\/\/www.cocuksehri.net\/index.php\/wp-json\/wp\/v2\/media?parent=177"}],"curies":[{"name":"wp","href":"https:\/\/api.w.org\/{rel}","templated":true}]}}